{"id":2161,"date":"2023-09-08T19:28:10","date_gmt":"2023-09-08T18:28:10","guid":{"rendered":"https:\/\/zagmarealty.com\/?page_id=2161"},"modified":"2024-01-04T11:44:07","modified_gmt":"2024-01-04T11:44:07","slug":"vendedores-2","status":"publish","type":"page","link":"https:\/\/zagmarealty.com\/es\/vendedores-2\/","title":{"rendered":"Noticias"},"content":{"rendered":"\t\t<div data-elementor-type=\"wp-page\" data-elementor-id=\"2161\" class=\"elementor elementor-2161 elementor-2160\" data-elementor-post-type=\"page\">\n\t\t\t\t\t\t\t\t\t<section class=\"elementor-section elementor-top-section elementor-element elementor-element-b63ae3d elementor-section-boxed elementor-section-height-default elementor-section-height-default\" data-id=\"b63ae3d\" data-element_type=\"section\">\n\t\t\t\t\t\t<div class=\"elementor-container elementor-column-gap-default\">\n\t\t\t\t\t<div class=\"elementor-column elementor-col-100 elementor-top-column elementor-element elementor-element-103c87c\" data-id=\"103c87c\" data-element_type=\"column\">\n\t\t\t<div class=\"elementor-widget-wrap elementor-element-populated\">\n\t\t\t\t\t\t\t\t<div class=\"elementor-element elementor-element-fa0ffaf elementor-grid-3 elementor-grid-tablet-2 elementor-grid-mobile-1 elementor-posts--thumbnail-top elementor-card-shadow-yes elementor-posts__hover-gradient elementor-widget elementor-widget-posts\" data-id=\"fa0ffaf\" data-element_type=\"widget\" data-settings=\"{&quot;cards_columns&quot;:&quot;3&quot;,&quot;cards_columns_tablet&quot;:&quot;2&quot;,&quot;cards_columns_mobile&quot;:&quot;1&quot;,&quot;cards_row_gap&quot;:{&quot;unit&quot;:&quot;px&quot;,&quot;size&quot;:35,&quot;sizes&quot;:[]},&quot;cards_row_gap_tablet&quot;:{&quot;unit&quot;:&quot;px&quot;,&quot;size&quot;:&quot;&quot;,&quot;sizes&quot;:[]},&quot;cards_row_gap_mobile&quot;:{&quot;unit&quot;:&quot;px&quot;,&quot;size&quot;:&quot;&quot;,&quot;sizes&quot;:[]}}\" data-widget_type=\"posts.cards\">\n\t\t\t\t<div class=\"elementor-widget-container\">\n\t\t\t<link rel=\"stylesheet\" href=\"https:\/\/zagmarealty.com\/wp-content\/plugins\/elementor-pro\/assets\/css\/widget-posts.min.css\">\t\t<div class=\"elementor-posts-container elementor-posts elementor-posts--skin-cards elementor-grid\">\n\t\t\t\t<article class=\"elementor-post elementor-grid-item post-2282 post type-post status-publish format-standard has-post-thumbnail hentry category-sin-categorizar tag-agencia-inmobiliaria-es tag-costa-brava-es tag-inmobiliaria-es tag-real-estate-agency-es tag-zagma-es tag-zagma-real-estate-es tag-zagmarealty-es\">\n\t\t\t<div class=\"elementor-post__card\">\n\t\t\t\t<a class=\"elementor-post__thumbnail__link\" href=\"https:\/\/zagmarealty.com\/es\/costa-brava-donde-la-vida-de-lujo-se-encuentra-con-una-oportunidad-de-inversion-unica\/\" tabindex=\"-1\" ><div class=\"elementor-post__thumbnail\"><img width=\"300\" height=\"251\" src=\"https:\/\/zagmarealty.com\/wp-content\/uploads\/2023\/08\/Blog-Zagmarealty.com_-300x251.png\" class=\"attachment-medium size-medium wp-image-2998\" alt=\"The image shows the coast of Costa Brava which is a perfect destination for Real Estate Investment and Living, through Zagma realty\" decoding=\"async\" srcset=\"https:\/\/zagmarealty.com\/wp-content\/uploads\/2023\/08\/Blog-Zagmarealty.com_-300x251.png 300w, https:\/\/zagmarealty.com\/wp-content\/uploads\/2023\/08\/Blog-Zagmarealty.com_-768x644.png 768w, https:\/\/zagmarealty.com\/wp-content\/uploads\/2023\/08\/Blog-Zagmarealty.com_.png 940w\" sizes=\"(max-width: 300px) 100vw, 300px\" \/><\/div><\/a>\n\t\t\t\t<div class=\"elementor-post__text\">\n\t\t\t\t<h1 class=\"elementor-post__title\">\n\t\t\t<a href=\"https:\/\/zagmarealty.com\/es\/costa-brava-donde-la-vida-de-lujo-se-encuentra-con-una-oportunidad-de-inversion-unica\/\" >\n\t\t\t\tCosta Brava: Donde la Vida de Lujo se Encuentra con una Oportunidad de Inversi\u00f3n \u00danica\t\t\t<\/a>\n\t\t<\/h1>\n\t\t\n\t\t<a class=\"elementor-post__read-more\" href=\"https:\/\/zagmarealty.com\/es\/costa-brava-donde-la-vida-de-lujo-se-encuentra-con-una-oportunidad-de-inversion-unica\/\" aria-label=\"M\u00e1s informaci\u00f3n sobre Costa Brava: Donde la Vida de Lujo se Encuentra con una Oportunidad de Inversi\u00f3n \u00danica\" tabindex=\"-1\" >\n\t\t\tLeer m\u00e1s\t\t<\/a>\n\n\t\t\t\t<\/div>\n\t\t\t\t\t<\/div>\n\t\t<\/article>\n\t\t\t\t<\/div>\n\t\t\n\t\t\t\t<\/div>\n\t\t\t\t<\/div>\n\t\t\t\t\t<\/div>\n\t\t<\/div>\n\t\t\t\t\t\t\t<\/div>\n\t\t<\/section>\n\t\t\t\t\t\t\t<\/div>\n\t\t","protected":false},"excerpt":{"rendered":"","protected":false},"author":1,"featured_media":0,"parent":0,"menu_order":0,"comment_status":"closed","ping_status":"closed","template":"","meta":{"om_disable_all_campaigns":false,"_monsterinsights_skip_tracking":false,"_monsterinsights_sitenote_active":false,"_monsterinsights_sitenote_note":"","_monsterinsights_sitenote_category":0,"_uf_show_specific_survey":0,"_uf_disable_surveys":false,"site-sidebar-layout":"no-sidebar","site-content-layout":"page-builder","ast-site-content-layout":"","site-content-style":"default","site-sidebar-style":"default","ast-global-header-display":"","ast-banner-title-visibility":"","ast-main-header-display":"","ast-hfb-above-header-display":"","ast-hfb-below-header-display":"","ast-hfb-mobile-header-display":"","site-post-title":"disabled","ast-breadcrumbs-content":"","ast-featured-img":"disabled","footer-sml-layout":"","theme-transparent-header-meta":"","adv-header-id-meta":"","stick-header-meta":"","header-above-stick-meta":"","header-main-stick-meta":"","header-below-stick-meta":"","astra-migrate-meta-layouts":"","footnotes":""},"aioseo_notices":[],"_links":{"self":[{"href":"https:\/\/zagmarealty.com\/es\/wp-json\/wp\/v2\/pages\/2161"}],"collection":[{"href":"https:\/\/zagmarealty.com\/es\/wp-json\/wp\/v2\/pages"}],"about":[{"href":"https:\/\/zagmarealty.com\/es\/wp-json\/wp\/v2\/types\/page"}],"author":[{"embeddable":true,"href":"https:\/\/zagmarealty.com\/es\/wp-json\/wp\/v2\/users\/1"}],"replies":[{"embeddable":true,"href":"https:\/\/zagmarealty.com\/es\/wp-json\/wp\/v2\/comments?post=2161"}],"version-history":[{"count":9,"href":"https:\/\/zagmarealty.com\/es\/wp-json\/wp\/v2\/pages\/2161\/revisions"}],"predecessor-version":[{"id":2681,"href":"https:\/\/zagmarealty.com\/es\/wp-json\/wp\/v2\/pages\/2161\/revisions\/2681"}],"wp:attachment":[{"href":"https:\/\/zagmarealty.com\/es\/wp-json\/wp\/v2\/media?parent=2161"}],"curies":[{"name":"wp","href":"https:\/\/api.w.org\/{rel}","templated":true}]}}