{"id":2329,"date":"2023-08-28T19:58:25","date_gmt":"2023-08-28T18:58:25","guid":{"rendered":"https:\/\/zagmarealty.com\/politica-de-privacidad\/"},"modified":"2023-09-13T09:36:16","modified_gmt":"2023-09-13T08:36:16","slug":"politica-de-privacidad","status":"publish","type":"page","link":"https:\/\/zagmarealty.com\/es\/politica-de-privacidad\/","title":{"rendered":"Pol\u00edtica de Privacidad"},"content":{"rendered":"\t\t<div data-elementor-type=\"wp-page\" data-elementor-id=\"2329\" class=\"elementor elementor-2329 elementor-828\" data-elementor-post-type=\"page\">\n\t\t\t\t\t\t\t\t\t<section class=\"elementor-section elementor-top-section elementor-element elementor-element-e539976 elementor-section-boxed elementor-section-height-default elementor-section-height-default\" data-id=\"e539976\" data-element_type=\"section\">\n\t\t\t\t\t\t<div class=\"elementor-container elementor-column-gap-default\">\n\t\t\t\t\t<div class=\"elementor-column elementor-col-100 elementor-top-column elementor-element elementor-element-c361fe4\" data-id=\"c361fe4\" data-element_type=\"column\">\n\t\t\t<div class=\"elementor-widget-wrap elementor-element-populated\">\n\t\t\t\t\t\t\t\t<div class=\"elementor-element elementor-element-97e64ea elementor-widget elementor-widget-text-editor\" data-id=\"97e64ea\" data-element_type=\"widget\" data-widget_type=\"text-editor.default\">\n\t\t\t\t<div class=\"elementor-widget-container\">\n\t\t\t<style>\/*! elementor - v3.16.0 - 20-09-2023 *\/\n.elementor-widget-text-editor.elementor-drop-cap-view-stacked .elementor-drop-cap{background-color:#69727d;color:#fff}.elementor-widget-text-editor.elementor-drop-cap-view-framed .elementor-drop-cap{color:#69727d;border:3px solid;background-color:transparent}.elementor-widget-text-editor:not(.elementor-drop-cap-view-default) .elementor-drop-cap{margin-top:8px}.elementor-widget-text-editor:not(.elementor-drop-cap-view-default) .elementor-drop-cap-letter{width:1em;height:1em}.elementor-widget-text-editor .elementor-drop-cap{float:left;text-align:center;line-height:1;font-size:50px}.elementor-widget-text-editor .elementor-drop-cap-letter{display:inline-block}<\/style>\t\t\t\t<p class=\"p1\"><b>Pol\u00edtica de Privacidad<\/b><\/p>\n<p class=\"p1\"><i>\u00daltima actualizaci\u00f3n: 09\/09\/2023<\/i><\/p>\n<p class=\"p1\"><b>1. Introducci\u00f3n<\/b><\/p>\n<p class=\"p1\">Bienvenido al sitio web de Zagma Real Estate (<a href=\"https:\/\/www.zagmarealty.com\/\"><span class=\"s1\">www.zagmarealty.com<\/span><\/a>). Estamos comprometidos a proteger su privacidad y resguardar su informaci\u00f3n personal. Esta Pol\u00edtica de Privacidad explica c\u00f3mo recopilamos, usamos, divulgamos y protegemos sus datos personales cuando utiliza nuestro sitio web y servicios.<\/p>\n<p class=\"p1\"><b>2. Informaci\u00f3n que recopilamos<\/b><\/p>\n<p class=\"p1\">Podemos recopilar los siguientes tipos de informaci\u00f3n personal de usted:<\/p>\n<ul class=\"ul1\">\n<li class=\"li1\">Informaci\u00f3n de contacto (por ejemplo, nombre, direcci\u00f3n de correo electr\u00f3nico, n\u00famero de tel\u00e9fono)<\/li>\n<li class=\"li1\">Informaci\u00f3n demogr\u00e1fica (por ejemplo, edad, g\u00e9nero, ubicaci\u00f3n)<\/li>\n<li class=\"li1\">Datos t\u00e9cnicos (por ejemplo, direcci\u00f3n IP, tipo de navegador, informaci\u00f3n del dispositivo)<\/li>\n<li class=\"li1\">Informaci\u00f3n de uso (por ejemplo, p\u00e1ginas visitadas, acciones realizadas en el sitio web)<\/li>\n<li class=\"li1\">Otra informaci\u00f3n que proporciona (por ejemplo, comentarios, consultas)<\/li>\n<\/ul>\n<p class=\"p1\"><b>3. C\u00f3mo recopilamos la informaci\u00f3n<\/b><\/p>\n<p class=\"p1\">Recopilamos informaci\u00f3n personal a trav\u00e9s de varios m\u00e9todos, incluyendo:<\/p>\n<ul class=\"ul1\">\n<li class=\"li1\">Directamente de usted cuando la proporciona a trav\u00e9s de formularios, registros o al hacer consultas.<\/li>\n<li class=\"li1\">Autom\u00e1ticamente a trav\u00e9s de cookies y tecnolog\u00edas de seguimiento similares.<\/li>\n<li class=\"li1\">De fuentes de terceros, seg\u00fan lo permitido por la ley.<\/li>\n<\/ul>\n<p class=\"p1\"><b>4. C\u00f3mo utilizamos su informaci\u00f3n<\/b><\/p>\n<p class=\"p1\">Podemos usar su informaci\u00f3n personal para los siguientes prop\u00f3sitos.<\/p>\n<ul class=\"ul1\">\n<li class=\"li1\">Para proporcionar y mejorar nuestro sitio web y servicios.<\/li>\n<li class=\"li1\">Para procesar transacciones y entregar productos o servicios.<\/li>\n<li class=\"li1\">Para comunicarnos con usted, responder a consultas y proporcionar soporte al cliente.<\/li>\n<li class=\"li1\">Para personalizar su experiencia en nuestro sitio web.<\/li>\n<li class=\"li1\">Para enviarle materiales de marketing y promocionales con su consentimiento.<\/li>\n<li class=\"li1\">Para cumplir con obligaciones legales.<\/li>\n<\/ul>\n<p class=\"p1\"><b>5. Compartir datos<\/b><\/p>\n<p class=\"p1\">Podemos compartir su informaci\u00f3n personal con:<\/p>\n<ul class=\"ul1\">\n<li class=\"li1\">Proveedores de servicios, socios comerciales y afiliados para los prop\u00f3sitos detallados en esta pol\u00edtica.<\/li>\n<li class=\"li1\">Las autoridades legales y agencias de aplicaci\u00f3n de la ley cuando sea requerido por la ley o para proteger nuestros derechos.<\/li>\n<\/ul>\n<p class=\"p1\"><b>6. Sus Derechos<\/b><\/p>\n<p class=\"p1\">Tiene los siguientes derechos con respecto a sus datos personales:<\/p>\n<ul class=\"ul1\">\n<li class=\"li1\">El derecho a acceder, corregir o eliminar su informaci\u00f3n personal.<\/li>\n<li class=\"li1\">El derecho a restringir u oponerse a ciertas actividades de procesamiento de datos.<\/li>\n<li class=\"li1\">El derecho a retirar su consentimiento (cuando sea aplicable).<\/li>\n<li class=\"li1\">El derecho a la portabilidad de los datos (cuando sea aplicable).<\/li>\n<\/ul>\n<p class=\"p1\"><b>7. Seguridad de los Datos<\/b><\/p>\n<p class=\"p1\">Empleamos medidas de seguridad para proteger su informaci\u00f3n personal contra el acceso no autorizado, divulgaci\u00f3n, alteraci\u00f3n o destrucci\u00f3n.<\/p>\n<p class=\"p1\"><b>8. Retenci\u00f3n de Datos<\/b><\/p>\n<p class=\"p1\">Retendremos su informaci\u00f3n personal el tiempo que sea necesario para cumplir con los prop\u00f3sitos detallados en esta pol\u00edtica, a menos que la ley requiera un per\u00edodo de retenci\u00f3n m\u00e1s largo.<\/p>\n<p class=\"p1\"><b>9. Cambios en esta Pol\u00edtica de Privacidad<\/b><\/p>\n<p class=\"p1\">Podemos actualizar esta Pol\u00edtica de Privacidad peri\u00f3dicamente para reflejar cambios en nuestras pr\u00e1cticas o por razones legales. La pol\u00edtica actualizada se publicar\u00e1 en nuestro sitio web con la fecha de la \u00faltima revisi\u00f3n.<\/p>\n<p class=\"p1\"><b>10. Cont\u00e1ctenos<\/b><\/p>\n<p class=\"p1\">Si tiene preguntas o inquietudes respecto a esta Pol\u00edtica de Privacidad o sobre sus datos personales, por favor cont\u00e1ctenos en <a href=\"mailto:info@zagmarealty.com\"><span class=\"s2\">info@zagmarealty.com<\/span><\/a> .<\/p>\n\t\t\t\t\t\t<\/div>\n\t\t\t\t<\/div>\n\t\t\t\t\t<\/div>\n\t\t<\/div>\n\t\t\t\t\t\t\t<\/div>\n\t\t<\/section>\n\t\t\t\t\t\t\t<\/div>\n\t\t","protected":false},"excerpt":{"rendered":"<p>Pol\u00edtica de Privacidad \u00daltima actualizaci\u00f3n: 09\/09\/2023 1. Introducci\u00f3n Bienvenido al sitio web de Zagma Real Estate (www.zagmarealty.com). Estamos comprometidos a proteger su privacidad y resguardar su informaci\u00f3n personal. Esta Pol\u00edtica de Privacidad explica c\u00f3mo recopilamos, usamos, divulgamos y protegemos sus datos personales cuando utiliza nuestro sitio web y servicios. 2. Informaci\u00f3n que recopilamos Podemos recopilar &hellip;<\/p>\n<p class=\"read-more\"> <a class=\"\" href=\"https:\/\/zagmarealty.com\/es\/politica-de-privacidad\/\"> <span class=\"screen-reader-text\">Pol\u00edtica de Privacidad<\/span> Leer m\u00e1s &raquo;<\/a><\/p>\n","protected":false},"author":1,"featured_media":0,"parent":0,"menu_order":0,"comment_status":"closed","ping_status":"closed","template":"","meta":{"om_disable_all_campaigns":false,"_monsterinsights_skip_tracking":false,"_monsterinsights_sitenote_active":false,"_monsterinsights_sitenote_note":"","_monsterinsights_sitenote_category":0,"_uf_show_specific_survey":0,"_uf_disable_surveys":false,"site-sidebar-layout":"no-sidebar","site-content-layout":"page-builder","ast-site-content-layout":"","site-content-style":"default","site-sidebar-style":"default","ast-global-header-display":"","ast-banner-title-visibility":"","ast-main-header-display":"","ast-hfb-above-header-display":"","ast-hfb-below-header-display":"","ast-hfb-mobile-header-display":"","site-post-title":"disabled","ast-breadcrumbs-content":"","ast-featured-img":"disabled","footer-sml-layout":"","theme-transparent-header-meta":"","adv-header-id-meta":"","stick-header-meta":"","header-above-stick-meta":"","header-main-stick-meta":"","header-below-stick-meta":"","astra-migrate-meta-layouts":"","footnotes":""},"aioseo_notices":[],"_links":{"self":[{"href":"https:\/\/zagmarealty.com\/es\/wp-json\/wp\/v2\/pages\/2329"}],"collection":[{"href":"https:\/\/zagmarealty.com\/es\/wp-json\/wp\/v2\/pages"}],"about":[{"href":"https:\/\/zagmarealty.com\/es\/wp-json\/wp\/v2\/types\/page"}],"author":[{"embeddable":true,"href":"https:\/\/zagmarealty.com\/es\/wp-json\/wp\/v2\/users\/1"}],"replies":[{"embeddable":true,"href":"https:\/\/zagmarealty.com\/es\/wp-json\/wp\/v2\/comments?post=2329"}],"version-history":[{"count":1,"href":"https:\/\/zagmarealty.com\/es\/wp-json\/wp\/v2\/pages\/2329\/revisions"}],"predecessor-version":[{"id":2330,"href":"https:\/\/zagmarealty.com\/es\/wp-json\/wp\/v2\/pages\/2329\/revisions\/2330"}],"wp:attachment":[{"href":"https:\/\/zagmarealty.com\/es\/wp-json\/wp\/v2\/media?parent=2329"}],"curies":[{"name":"wp","href":"https:\/\/api.w.org\/{rel}","templated":true}]}}